{"id":721,"date":"2022-08-08T17:25:49","date_gmt":"2022-08-08T15:25:49","guid":{"rendered":"http:\/\/www.hhsgmbh.at\/?page_id=721"},"modified":"2026-03-17T10:27:12","modified_gmt":"2026-03-17T09:27:12","slug":"impressum","status":"publish","type":"page","link":"http:\/\/www.hhsgmbh.at\/?page_id=721","title":{"rendered":"Impressum"},"content":{"rendered":"<p><a href=\"http:\/\/www.hhsgmbh.at\/?page_id=142&amp;preview=true\" data-id-d=\"3\" data-img-style=\"width: 100%;\"><img loading=\"lazy\" decoding=\"async\" src=\"http:\/\/www.hhsgmbh.at\/wp-content\/uploads\/2021\/05\/HHS_Logo_Ohne-GmbH.png\" height=\"366\" width=\"546\" alt=\"\" style=\"width: 100%;\"><\/img><\/a><a href=\"tel: +43 2234 50027\"><\/a><\/p>\n<h4 style=\"text-align: center;\">Impressum<\/h4>\n<h5 align=\"center\" style=\"text-align: center;\">HHS Hygiene Haustechnik &amp; Seniorenservice GmbH<\/h5>\n<p align=\"center\" style=\"text-align: center;\">\u200b1020 Wien, Bruno-Marek-Allee 5\/1Tel: 0676 300 70 80<strong>Firmenbuchnummer:<\/strong>FN 298524 g<strong>UID-Nummer:<\/strong>ATU63638068<strong>Beginndatum der Rechtsform:<\/strong>2007-08-30<strong>T\u00e4tigkeitsbeschreibung:<\/strong>B\u00fcro- und Wohnungsreinigung, Haustechnik, Seniorenservice<\/p>\n<p align=\"center\" style=\"text-align: center;\">\n<h5 align=\"center\" style=\"text-align: center;\">Handelnde Personen:<\/h5>\n<p align=\"center\" style=\"text-align: center;\"><strong>Gesch\u00e4ftsf\u00fchrer<\/strong>Wolfgang Weber<span style=\"font-size: 25px;\">(Privatperson, alleinvertretungsberechtigt)<\/span><strong>Gesellschafter<\/strong>Wolfgang Weber<span style=\"font-size: 25px;\">(Privatperson, Anteil: 50,00%)<\/span><strong>Gesellschafter<\/strong>Anetta Lidecka <span style=\"font-size: 25px;\">(Privatperson, Anteil: 50,00%)<\/span><\/p>\n<h4 align=\"center\" style=\"\"><span><span>Unsere Links:&nbsp;<\/span><\/span><\/h4>\n<p><a href=\"http:\/\/www.hhsgmbh.at\/?page_id=161\"><\/p>\n<h2 style=\"text-align: center;\"><strong>Unser <span>Team<\/span><\/strong><\/h2>\n<p><span><img decoding=\"async\" alt=\"\" data-id=\"1704\" width=\"200\" data-init-width=\"355\" height=\"96\" data-init-height=\"171\" title=\"Team Icon 2 Grau\" src=\"\/\/www.hhsgmbh.at\/wp-content\/uploads\/2021\/05\/Team-Icon-2-Grau.png\" data-width=\"200\" data-height=\"96\" style=\"aspect-ratio: auto 355 \/ 171;\" loading=\"lazy\"><\/span><\/p>\n<h2 style=\"text-align: center;\"><strong>Nur ein Click!<\/strong><\/h2>\n<p><\/a><a href=\"tel: +43 2234 50027\" rel=\"\"><\/p>\n<h2 style=\"text-align: center;\">HHS Service GmbH<\/h2>\n<h2 style=\"text-align: center;\"><strong>02234 50027<\/strong><\/h2>\n<p><\/a><a href=\"http:\/\/www.hhsgmbh.at\/?page_id=698\" rel=\"\"><\/p>\n<h2 style=\"text-align: center;\">eMail-Support<\/h2>\n<h2 style=\"text-align: center;\"><strong>office@hhsgmbh.at<\/strong><\/h2>\n<p><\/a><a href=\"http:\/\/www.hhsgmbh.at\/?page_id=682\"><\/p>\n<h2 style=\"text-align: center;\"><strong>Wo Sie uns finden:<\/strong><\/h2>\n<p><span><img decoding=\"async\" alt=\"\" data-id=\"1799\" width=\"200\" data-init-width=\"1226\" height=\"102\" data-init-height=\"628\" title=\"Map Icon GRAU\" src=\"\/\/www.hhsgmbh.at\/wp-content\/uploads\/2021\/05\/Map-Icon-GRAU.png\" data-width=\"200\" data-height=\"102\" style=\"aspect-ratio: auto 1226 \/ 628;\" loading=\"lazy\"><\/span><\/p>\n<h2 style=\"text-align: center;\"><strong>HHSGmbH<\/strong><\/h2>\n<p><\/a><a href=\"http:\/\/www.hhsgmbh.at\/?page_id=736\" rel=\"\"><\/p>\n<h2 style=\"text-align: center;\"><strong>Ihre Zufriedenheit ist<\/strong><\/h2>\n<p><span><img decoding=\"async\" alt=\"\" data-id=\"1705\" width=\"362\" data-init-width=\"562\" height=\"57\" data-init-height=\"89\" title=\"5 Sterne_blau Grau\" src=\"\/\/www.hhsgmbh.at\/wp-content\/uploads\/2021\/05\/5-Sterne_blau-Grau.png\" data-width=\"362\" data-height=\"57\" style=\"aspect-ratio: auto 562 \/ 89;\" loading=\"lazy\"><\/span><\/p>\n<h2 style=\"text-align: center;\"><strong>Unsere Motivation<\/strong><\/h2>\n<p><\/a><a href=\"#tve-jump-179d305ae1b\"><\/a><a href=\"http:\/\/www.hhsgmbh.at\/?page_id=711\" rel=\"\" style=\"\"><\/p>\n<h6 style=\"text-align: center;\"><strong>AGB<\/strong><\/h6>\n<p><\/a><a href=\"http:\/\/www.hhsgmbh.at\/?page_id=723\" rel=\"\"><\/p>\n<h6 style=\"text-align: center;\"><strong>Datenschutz<\/strong><\/h6>\n<p><\/a><a href=\"http:\/\/www.skinconcept.at\" rel=\"\"><\/p>\n<p style=\"text-align: center;\">Click!<\/p>\n<p><\/a><\/p>\n","protected":false},"excerpt":{"rendered":"<p>Impressum HHS Hygiene Haustechnik &amp; Seniorenservice GmbH \u200b1020 Wien, Bruno-Marek-Allee 5\/1Tel: 0676 300 70 80Firmenbuchnummer:FN 298524 gUID-Nummer:ATU63638068Beginndatum der Rechtsform:2007-08-30T\u00e4tigkeitsbeschreibung:B\u00fcro- und Wohnungsreinigung, Haustechnik, Seniorenservice Handelnde Personen: Gesch\u00e4ftsf\u00fchrerWolfgang Weber(Privatperson, alleinvertretungsberechtigt)GesellschafterWolfgang Weber(Privatperson, Anteil: 50,00%)GesellschafterAnetta Lidecka (Privatperson, Anteil: 50,00%) Unsere Links:&nbsp; Unser Team Nur ein Click! HHS Service GmbH 02234 50027 eMail-Support office@hhsgmbh.at Wo Sie uns finden: HHSGmbH Ihre&hellip; <a class=\"more-link\" href=\"http:\/\/www.hhsgmbh.at\/?page_id=721\"><span class=\"screen-reader-text\">Impressum<\/span> weiterlesen<\/a><\/p>\n","protected":false},"author":1,"featured_media":0,"parent":142,"menu_order":0,"comment_status":"closed","ping_status":"closed","template":"","meta":{"footnotes":""},"class_list":["post-721","page","type-page","status-publish","hentry","entry"],"_links":{"self":[{"href":"http:\/\/www.hhsgmbh.at\/index.php?rest_route=\/wp\/v2\/pages\/721","targetHints":{"allow":["GET"]}}],"collection":[{"href":"http:\/\/www.hhsgmbh.at\/index.php?rest_route=\/wp\/v2\/pages"}],"about":[{"href":"http:\/\/www.hhsgmbh.at\/index.php?rest_route=\/wp\/v2\/types\/page"}],"author":[{"embeddable":true,"href":"http:\/\/www.hhsgmbh.at\/index.php?rest_route=\/wp\/v2\/users\/1"}],"replies":[{"embeddable":true,"href":"http:\/\/www.hhsgmbh.at\/index.php?rest_route=%2Fwp%2Fv2%2Fcomments&post=721"}],"version-history":[{"count":43,"href":"http:\/\/www.hhsgmbh.at\/index.php?rest_route=\/wp\/v2\/pages\/721\/revisions"}],"predecessor-version":[{"id":2599,"href":"http:\/\/www.hhsgmbh.at\/index.php?rest_route=\/wp\/v2\/pages\/721\/revisions\/2599"}],"up":[{"embeddable":true,"href":"http:\/\/www.hhsgmbh.at\/index.php?rest_route=\/wp\/v2\/pages\/142"}],"wp:attachment":[{"href":"http:\/\/www.hhsgmbh.at\/index.php?rest_route=%2Fwp%2Fv2%2Fmedia&parent=721"}],"curies":[{"name":"wp","href":"https:\/\/api.w.org\/{rel}","templated":true}]}}