{"id":582,"date":"2022-07-03T17:43:00","date_gmt":"2022-07-03T15:43:00","guid":{"rendered":"http:\/\/www.hhsgmbh.at\/?page_id=582"},"modified":"2026-03-17T10:31:58","modified_gmt":"2026-03-17T09:31:58","slug":"hygiene_service","status":"publish","type":"page","link":"http:\/\/www.hhsgmbh.at\/?page_id=582","title":{"rendered":"hygiene_service"},"content":{"rendered":"<p><a href=\"http:\/\/www.hhsgmbh.at\/?page_id=142&amp;preview=true\" data-id-d=\"3\" data-img-style=\"width: 100%;\"><img loading=\"lazy\" decoding=\"async\" src=\"http:\/\/www.hhsgmbh.at\/wp-content\/uploads\/2021\/05\/HHS_Logo_Ohne-GmbH.png\" height=\"366\" width=\"546\" alt=\"\" style=\"width: 100%;\"><\/img><\/a><a href=\"tel: +43 699 1515 1429\"><\/a><span style=\"\"><img decoding=\"async\" alt=\"\" data-id=\"35\" width=\"1512\" data-init-width=\"1920\" height=\"851\" data-init-height=\"1080\" title=\"HygS_02_1920x1080\" loading=\"lazy\" src=\"\/\/www.hhsgmbh.at\/wp-content\/uploads\/2021\/01\/HygS_02_1920x1080.jpg\" data-width=\"1512\" data-height=\"851\" style=\"aspect-ratio: auto 1920 \/ 1080;\" ml-d=\"-648\" mt-d=\"0\" center-h-d=\"false\" ml-m=\"-290.390625\" center-h-m=\"false\" mt-m=\"-11.171875\"><\/span><span><img decoding=\"async\" alt=\"\" data-id=\"165\" width=\"75\" data-init-width=\"728\" height=\"75\" data-init-height=\"731\" title=\"H_Hygiene_Logo\" loading=\"lazy\" src=\"\/\/www.hhsgmbh.at\/wp-content\/uploads\/2021\/01\/H_Hygiene_Logo.png\" data-width=\"75\" data-height=\"75\" style=\"aspect-ratio: auto 728 \/ 731;\"><\/span><\/p>\n<h2 style=\"\">HYGIENE-SERVICE<\/h2>\n<h6 align=\"center\" style=\"\">F\u00dcR GEWERBE &amp; PRIVAT<\/h6>\n<h3 style=\"text-align: center;\">Ihr verl\u00e4sslicher Partner in Sachen Hygiene!<\/h3>\n<h3 style=\"text-align: center;\">Wir bringen Ihre R\u00e4ume zum Strahlen!<\/h3>\n<p style=\"\">Gerade in Zeiten wie diesen erleben wir verst\u00e4rkt wie wichtig das <strong>Thema Hygiene und Desinfektion<\/strong> ist. Sauberkeit ist die <strong>Visitenkarte Ihrer Objekte<\/strong>, dies ist ein wichtiger Wohlf\u00fchlfaktor f\u00fcr Sie Ihre Mitarbeiter sowie Ihrer Kunden. Unsere Kundenbetreuerin steht Ihnen gerne f\u00fcr all Ihre Anfragen zur Verf\u00fcgung. In einem gemeinsamen Vorgespr\u00e4ch er\u00f6rtern wir den Reinigungsbedarf, besprechen alle gew\u00fcnschten T\u00e4tigkeiten und stellen Ihnen darauf basierend ein attraktives Angebot. Nach Auftragserteilung k\u00fcmmert sich Ihre Kundenbetreuerin um alles weitere. Es wird so gut als m\u00f6glich immer dieselbe Reinigungskraft f\u00fcr Ihren Auftrag zugeteilt.<\/p>\n<h5 style=\"text-align: left;\"><strong><span><span>Unsere Dienstleistungen<\/span><\/span><\/strong><\/h5>\n<p><span style=\"\"><img decoding=\"async\" alt=\"\" data-id=\"2297\" width=\"417\" data-init-width=\"1280\" height=\"278\" data-init-height=\"853\" title=\"A cleaning woman is standing inside a building holding a bucket fulfilled with chemicals and facilities for tidying.\" loading=\"lazy\" src=\"\/\/www.hhsgmbh.at\/wp-content\/uploads\/2021\/06\/AdobeStock_230464218.jpg\" data-width=\"417\" data-height=\"278\" style=\"aspect-ratio: auto 1280 \/ 853;\" mt-d=\"0\" mt-m=\"0\" ml-m=\"-46.75399999999996\" ml-d=\"0\" center-h-d=\"false\"><\/span><\/p>\n<p style=\"text-align: center;\"><strong>Sichtreinigung<\/strong><\/p>\n<p style=\"\">Bei einer Sichtreinigung werden grobe und sichtbare Verschmutzungen beseitigt. Zudem werden generell die R\u00e4umlichkeiten aufger\u00e4umt wie z.B. Papierk\u00f6rbe entleert, Zeitschriften zusammengelegt, Wartebereiche aufger\u00e4umt, oder im Privaten Geschirrsp\u00fcler ein- und ausger\u00e4umt, Kissen am Sofa gerichtet, Betten \u00fcberzogen, usw.<\/p>\n<p><span style=\"\"><img decoding=\"async\" alt=\"\" data-id=\"2296\" width=\"416\" data-init-width=\"1280\" height=\"277\" data-init-height=\"853\" title=\"Woman removing dirt from carpet with vacuum cleaner indoors\" loading=\"lazy\" src=\"\/\/www.hhsgmbh.at\/wp-content\/uploads\/2021\/06\/AdobeStock_219323649.jpg\" data-width=\"416\" data-height=\"277\" style=\"aspect-ratio: auto 1280 \/ 853;\" mt-d=\"-0.76400000000001\" mt-m=\"0\" ml-m=\"-46.75399999999996\" ml-d=\"-0.6589999999999918\"><\/span><\/p>\n<p style=\"text-align: center; color: rgb(0, 0, 0) !important; --tcb-applied-color:  rgb(0, 0, 0)  !important;\"><strong>Unterhaltsreinigung<\/strong><\/p>\n<p><span style=\"\"><img decoding=\"async\" alt=\"\" data-id=\"2298\" width=\"417\" data-init-width=\"1280\" height=\"278\" data-init-height=\"853\" title=\"Composite image of woman holding brushes and mops\" loading=\"lazy\" src=\"\/\/www.hhsgmbh.at\/wp-content\/uploads\/2021\/06\/AdobeStock_107521578.jpg\" data-width=\"417\" data-height=\"278\" style=\"aspect-ratio: auto 1280 \/ 853;\" mt-d=\"-1.007000000000005\" ml-m=\"-2.796875\" mt-m=\"0\"><\/span><\/p>\n<p style=\"text-align: center; color: rgb(0, 0, 0) !important; --tcb-applied-color:  rgb(0, 0, 0)  !important;\"><strong>Grundreinigung<\/strong><\/p>\n<p><span style=\"\"><img decoding=\"async\" alt=\"\" data-id=\"2294\" width=\"463\" data-init-width=\"1280\" height=\"308\" data-init-height=\"853\" title=\"Cleaning concept. Young woman cleaning office\" loading=\"lazy\" src=\"\/\/www.hhsgmbh.at\/wp-content\/uploads\/2021\/06\/AdobeStock_132176619.jpg\" data-width=\"463\" data-height=\"308\" style=\"aspect-ratio: auto 1280 \/ 853;\" mt-d=\"-30.00000000000003\" center-v-d=\"false\" ml-d=\"-44.91300000000001\" ml-m=\"-1.4375\" mt-m=\"0\"><\/span><\/p>\n<p style=\"text-align: center;\"><strong>B\u00fcroreinigung<\/strong><\/p>\n<p style=\"\">Mit dem Hygiene Service der Firma HHS GmbH \u00fcbergeben Sie Ihre B\u00fcror\u00e4umlichkeiten in die H\u00e4nde von Profis! Sauberkeit als Visitenkarte f\u00fcr Sie, ihre Mitarbeiter und Kunden. Zur Wahl stehen neben wiederkehrenden Unterhaltsreinigungen mit monatlichen Pauschalen, ebenso Grund, End oder Sichtreinigungen.<\/p>\n<p><span style=\"\"><img decoding=\"async\" alt=\"\" data-id=\"2299\" width=\"463\" data-init-width=\"1280\" height=\"308\" data-init-height=\"853\" title=\"Effective team of two cleaners in uniform\" loading=\"lazy\" src=\"\/\/www.hhsgmbh.at\/wp-content\/uploads\/2021\/06\/AdobeStock_298682519.jpg\" data-width=\"463\" data-height=\"308\" style=\"aspect-ratio: auto 1280 \/ 853;\" mt-d=\"-30.00000000000003\" center-v-d=\"false\" ml-d=\"-45.83300000000003\" ml-m=\"-0.625\" mt-m=\"-0.15625\"><\/span><\/p>\n<p style=\"text-align: center;\"><strong>Endreinigung<\/strong><\/p>\n<p><span style=\"\"><img decoding=\"async\" alt=\"\" data-id=\"2295\" width=\"417\" data-init-width=\"1280\" height=\"278\" data-init-height=\"854\" title=\"cleaning service. dust removal with vacuum cleaner\" loading=\"lazy\" src=\"\/\/www.hhsgmbh.at\/wp-content\/uploads\/2021\/06\/AdobeStock_189085414.jpg\" data-width=\"417\" data-height=\"278\" style=\"aspect-ratio: auto 1280 \/ 854;\" mt-d=\"0\" center-v-d=\"false\" ml-d=\"0\" mt-m=\"0\" ml-m=\"0\"><\/span><\/p>\n<p style=\"text-align: center;\"><strong>Baureinigung<\/strong><\/p>\n<p style=\"\">Die Baureinigung dient dazu, Ihre R\u00e4umlichkeiten \/ Immobilie nach einem Neu bzw. Umbau grundlegend in einen \u00dcbergabef\u00e4higen Zustand f\u00fcr K\u00e4ufer oder Mieter zu versetzen. Ebenso bieten wir auf Wunsch Zwischenreinigungen sowie Grobreinigungen an, diese werden oft zwischen zwei Bauphasen gebucht.<\/p>\n<h2 style=\"text-align: center;\"><strong>Richtpreis \/ Stunde &nbsp;\u20ac 22,-<\/strong><\/h2>\n<p style=\"text-align: justify;\">Bei dem angegebenen Preis handelt es sich um einen <strong>netto Richtpreis<\/strong>. F\u00fcr Erstgespr\u00e4che stehen wir jederzeit gerne unverbindlich zu Ihrer Verf\u00fcgung! Hierbei er\u00f6rtern wir mit Ihnen gemeinsam den passenden Preis je nach Aufwand sowie Auftragsvolumen. Ebenso bieten wir speziell <strong>auf Ihre Bed\u00fcrfnisse zugeschnittene Pakete<\/strong>.<\/p>\n<h4 align=\"center\" style=\"\"><span><span>Unsere Links:&nbsp;<\/span><\/span><\/h4>\n<p><a href=\"http:\/\/www.hhsgmbh.at\/?page_id=161\"><\/p>\n<h2 style=\"text-align: center;\"><strong>Unser Team<\/strong><\/h2>\n<p><span><img decoding=\"async\" alt=\"\" data-id=\"1704\" width=\"200\" data-init-width=\"355\" height=\"96\" data-init-height=\"171\" title=\"Team Icon 2 Grau\" src=\"\/\/www.hhsgmbh.at\/wp-content\/uploads\/2021\/05\/Team-Icon-2-Grau.png\" data-width=\"200\" data-height=\"96\" style=\"aspect-ratio: auto 355 \/ 171;\" loading=\"lazy\"><\/span><\/p>\n<h2 style=\"text-align: center;\"><strong>Nur ein Click!<\/strong><\/h2>\n<p><\/a><a href=\"tel: +43 2234 50027\" rel=\"\"><\/p>\n<h2 style=\"text-align: center;\">HHS Service GmbH<\/h2>\n<h2 style=\"text-align: center;\"><strong>0676 3007080<\/strong><\/h2>\n<p><\/a><a href=\"http:\/\/www.hhsgmbh.at\/?page_id=698\" rel=\"\"><\/p>\n<h2 style=\"text-align: center;\">eMail-Support<\/h2>\n<h2 style=\"text-align: center;\"><strong>office@hhsgmbh.at<\/strong><\/h2>\n<p><\/a><a href=\"http:\/\/www.hhsgmbh.at\/?page_id=682\"><\/p>\n<h2 style=\"text-align: center;\"><strong>Wo Sie uns finden:<\/strong><\/h2>\n<p><span><img decoding=\"async\" alt=\"\" data-id=\"1799\" width=\"200\" data-init-width=\"1226\" height=\"102\" data-init-height=\"628\" title=\"Map Icon GRAU\" src=\"\/\/www.hhsgmbh.at\/wp-content\/uploads\/2021\/05\/Map-Icon-GRAU.png\" data-width=\"200\" data-height=\"102\" style=\"aspect-ratio: auto 1226 \/ 628;\" loading=\"lazy\"><\/span><\/p>\n<h2 style=\"text-align: center;\"><strong>HHSGmbH<\/strong><\/h2>\n<p><\/a><a href=\"http:\/\/www.hhsgmbh.at\/?page_id=736\" rel=\"\"><\/p>\n<h2 style=\"text-align: center;\"><strong>Ihre Zufriedenheit ist<\/strong><\/h2>\n<p><span><img decoding=\"async\" alt=\"\" data-id=\"1705\" width=\"362\" data-init-width=\"562\" height=\"57\" data-init-height=\"89\" title=\"5 Sterne_blau Grau\" src=\"\/\/www.hhsgmbh.at\/wp-content\/uploads\/2021\/05\/5-Sterne_blau-Grau.png\" data-width=\"362\" data-height=\"57\" style=\"aspect-ratio: auto 562 \/ 89;\" loading=\"lazy\"><\/span><\/p>\n<h2 style=\"text-align: center;\"><strong>Unsere Motivation<\/strong><\/h2>\n<p><\/a><a href=\"#tve-jump-17a5bc843f1\"><\/a><a href=\"http:\/\/www.hhsgmbh.at\/?page_id=721\" rel=\"\" style=\"\"><\/p>\n<h6 style=\"text-align: center;\"><span style=\"text-decoration: none;\"><strong>Impressum<\/strong><\/span><\/h6>\n<p><\/a><a href=\"http:\/\/www.hhsgmbh.at\/?page_id=711\" rel=\"\" style=\"\"><\/p>\n<h6 style=\"text-align: center;\"><strong>AGB<\/strong><\/h6>\n<p><\/a><a href=\"http:\/\/www.hhsgmbh.at\/?page_id=723\" rel=\"\"><\/p>\n<h6 style=\"text-align: center;\"><strong>Datenschutz<\/strong><\/h6>\n<p><\/a><\/p>\n","protected":false},"excerpt":{"rendered":"<p>HYGIENE-SERVICE F\u00dcR GEWERBE &amp; PRIVAT Ihr verl\u00e4sslicher Partner in Sachen Hygiene! Wir bringen Ihre R\u00e4ume zum Strahlen! Gerade in Zeiten wie diesen erleben wir verst\u00e4rkt wie wichtig das Thema Hygiene und Desinfektion ist. Sauberkeit ist die Visitenkarte Ihrer Objekte, dies ist ein wichtiger Wohlf\u00fchlfaktor f\u00fcr Sie Ihre Mitarbeiter sowie Ihrer Kunden. Unsere Kundenbetreuerin steht Ihnen&hellip; <a class=\"more-link\" href=\"http:\/\/www.hhsgmbh.at\/?page_id=582\"><span class=\"screen-reader-text\">hygiene_service<\/span> weiterlesen<\/a><\/p>\n","protected":false},"author":1,"featured_media":0,"parent":142,"menu_order":0,"comment_status":"closed","ping_status":"closed","template":"","meta":{"footnotes":""},"class_list":["post-582","page","type-page","status-publish","hentry","entry"],"_links":{"self":[{"href":"http:\/\/www.hhsgmbh.at\/index.php?rest_route=\/wp\/v2\/pages\/582","targetHints":{"allow":["GET"]}}],"collection":[{"href":"http:\/\/www.hhsgmbh.at\/index.php?rest_route=\/wp\/v2\/pages"}],"about":[{"href":"http:\/\/www.hhsgmbh.at\/index.php?rest_route=\/wp\/v2\/types\/page"}],"author":[{"embeddable":true,"href":"http:\/\/www.hhsgmbh.at\/index.php?rest_route=\/wp\/v2\/users\/1"}],"replies":[{"embeddable":true,"href":"http:\/\/www.hhsgmbh.at\/index.php?rest_route=%2Fwp%2Fv2%2Fcomments&post=582"}],"version-history":[{"count":141,"href":"http:\/\/www.hhsgmbh.at\/index.php?rest_route=\/wp\/v2\/pages\/582\/revisions"}],"predecessor-version":[{"id":2605,"href":"http:\/\/www.hhsgmbh.at\/index.php?rest_route=\/wp\/v2\/pages\/582\/revisions\/2605"}],"up":[{"embeddable":true,"href":"http:\/\/www.hhsgmbh.at\/index.php?rest_route=\/wp\/v2\/pages\/142"}],"wp:attachment":[{"href":"http:\/\/www.hhsgmbh.at\/index.php?rest_route=%2Fwp%2Fv2%2Fmedia&parent=582"}],"curies":[{"name":"wp","href":"https:\/\/api.w.org\/{rel}","templated":true}]}}