{"id":142,"date":"2022-08-18T22:37:07","date_gmt":"2022-08-18T20:37:07","guid":{"rendered":"http:\/\/www.hhsgmbh.at\/?page_id=142"},"modified":"2026-03-17T10:28:11","modified_gmt":"2026-03-17T09:28:11","slug":"hygiene_haus_pensionist_service","status":"publish","type":"page","link":"http:\/\/www.hhsgmbh.at\/","title":{"rendered":"hygiene_haus_pensionist_service"},"content":{"rendered":"<p><a href=\"http:\/\/www.hhsgmbh.at\/?page_id=142&amp;preview=true\" data-id-d=\"3\" data-img-style=\"width: 100%;\"><img loading=\"lazy\" decoding=\"async\" src=\"http:\/\/www.hhsgmbh.at\/wp-content\/uploads\/2021\/05\/HHS_Logo_Ohne-GmbH.png\" height=\"366\" width=\"546\" alt=\"\" style=\"width: 100%;\"><\/img><\/a><a href=\"tel: +43 2234 50027\"><\/a><\/p>\n<h4 style=\"\">Unser Angebot:<\/h4>\n<p><a href=\"http:\/\/www.hhsgmbh.at\/?page_id=582\" rel=\"\" style=\"\"><\/p>\n<h5 style=\"text-align: center;\"><strong><span style=\"font-size: 45px;\">H<\/span>ygiene-Service<\/strong><\/h5>\n<p><span><img decoding=\"async\" alt=\"\" data-id=\"77\" width=\"305\" data-init-width=\"1839\" height=\"285\" data-init-height=\"1715\" title=\"Cleaning_2\" loading=\"lazy\" src=\"\/\/www.hhsgmbh.at\/wp-content\/uploads\/2021\/01\/Cleaning_2.png\" data-width=\"305\" data-height=\"285\" style=\"aspect-ratio: auto 1839 \/ 1715;\"><\/span><\/a><a href=\"http:\/\/www.hhsgmbh.at\/?page_id=969\" rel=\"\"><\/p>\n<h5 style=\"text-align: center;\"><strong><span style=\"font-size: 45px;\">H<\/span>aus-Service<\/strong><\/h5>\n<p><span style=\"\"><img decoding=\"async\" alt=\"\" data-id=\"80\" width=\"442\" data-init-width=\"2663\" height=\"290\" data-init-height=\"1744\" title=\"Hauswirtschaft_4\" loading=\"lazy\" src=\"\/\/www.hhsgmbh.at\/wp-content\/uploads\/2021\/01\/Hauswirtschaft_4.png\" data-width=\"442\" data-height=\"290\" style=\"aspect-ratio: auto 2663 \/ 1744;\" ml-m=\"0\" mt-m=\"0\"><\/span><\/a><a href=\"http:\/\/www.hhsgmbh.at\/?page_id=709\" rel=\"\"><\/p>\n<h5 style=\"text-align: center;\">Service<span style=\"font-size: 15px;\">f\u00fcr<\/span>Menschen<\/h5>\n<p><span><img decoding=\"async\" alt=\"\" data-id=\"78\" width=\"285\" data-init-width=\"1709\" height=\"286\" data-init-height=\"1715\" title=\"Altenbetreuung_2\" loading=\"lazy\" src=\"\/\/www.hhsgmbh.at\/wp-content\/uploads\/2021\/01\/Altenbetreuung_2.png\" data-width=\"285\" data-height=\"286\" style=\"aspect-ratio: auto 1709 \/ 1715;\"><\/span><\/a><\/p>\n<p style=\"text-align: justify;\">Wir bieten einen <strong>Rundum-Service f\u00fcr H\u00e4user, Wohnungen und gewerbliche Objekte.<\/strong> Alle anfallenden Arbeiten wie Reparaturen, Instandsetzungen, Reinigung und Pflege k\u00f6nnen von uns \u00fcbernommen werden. Dies betrifft selbstverst\u00e4ndlich auch G\u00e4rten und Aussenanlagen. Bei <strong>Haushaltsaufl\u00f6sung, Umzug und Transport<\/strong> sind wir gern behilflich, oder \u00fcbernehmen selbstst\u00e4ndig alle Aufgaben. Dar\u00fcber hinaus k\u00f6nnen Sie die Verwaltung Ihrer Objekte beruhigt in unsere H\u00e4nde legen. Wir k\u00fcmmern uns zur rechten Zeit um alle n\u00f6tigen Angelegenheiten.&nbsp;<\/p>\n<h4 align=\"center\" style=\"\"><span><span>Was wir Ihnen bieten:<\/span><\/span><\/h4>\n<p><span><img decoding=\"async\" alt=\"\" data-id=\"117\" width=\"80\" data-init-width=\"338\" height=\"80\" data-init-height=\"338\" title=\"Kompetent\" loading=\"lazy\" src=\"\/\/www.hhsgmbh.at\/wp-content\/uploads\/2021\/01\/Kompetent.png\" data-width=\"80\" data-height=\"80\" style=\"aspect-ratio: auto 338 \/ 338;\"><\/span><\/p>\n<h5 style=\"text-align: center;\"><span style=\"font-weight: normal;\">Kompetenz<\/span><\/h5>\n<p><span style=\"\"><img decoding=\"async\" alt=\"\" data-id=\"115\" width=\"80\" data-init-width=\"340\" height=\"80\" data-init-height=\"340\" title=\"Hakerl\" loading=\"lazy\" src=\"\/\/www.hhsgmbh.at\/wp-content\/uploads\/2021\/01\/Hakerl.png\" data-width=\"80\" data-height=\"80\" style=\"aspect-ratio: auto 340 \/ 340;\" mt-d=\"0\"><\/span><\/p>\n<h5 style=\"text-align: center;\"><span style=\"font-weight: normal;\">Verl\u00e4sslichkeit<\/span><\/h5>\n<p><span><img decoding=\"async\" alt=\"\" data-id=\"370\" width=\"80\" data-init-width=\"340\" height=\"80\" data-init-height=\"340\" title=\"Handschlag_340px\" loading=\"lazy\" src=\"\/\/www.hhsgmbh.at\/wp-content\/uploads\/2021\/01\/Handschlag_340px.jpg\" data-width=\"80\" data-height=\"80\" style=\"aspect-ratio: auto 340 \/ 340;\"><\/span><\/p>\n<h5 style=\"text-align: center;\"><span style=\"font-weight: normal;\">Qualit\u00e4t<\/span><\/h5>\n<p><span><img decoding=\"async\" alt=\"\" data-id=\"113\" width=\"80\" data-init-width=\"340\" height=\"80\" data-init-height=\"340\" title=\"Netzwerk\" loading=\"lazy\" src=\"\/\/www.hhsgmbh.at\/wp-content\/uploads\/2021\/01\/Netzwerk.png\" data-width=\"80\" data-height=\"80\" style=\"aspect-ratio: auto 340 \/ 340;\"><\/span><\/p>\n<h5 style=\"text-align: center;\"><span style=\"font-weight: normal;\">Erfahrung<\/span><\/h5>\n<h4 align=\"center\" style=\"\"><span><span>Unsere Links:&nbsp;<\/span><\/span><\/h4>\n<p><a href=\"http:\/\/www.hhsgmbh.at\/?page_id=161\"><\/p>\n<h2 style=\"text-align: center;\"><strong>Unser Team<\/strong><\/h2>\n<p><span><img decoding=\"async\" alt=\"\" data-id=\"1704\" width=\"200\" data-init-width=\"355\" height=\"96\" data-init-height=\"171\" title=\"Team Icon 2 Grau\" src=\"\/\/www.hhsgmbh.at\/wp-content\/uploads\/2021\/05\/Team-Icon-2-Grau.png\" data-width=\"200\" data-height=\"96\" style=\"aspect-ratio: auto 355 \/ 171;\" loading=\"lazy\"><\/span><\/p>\n<h2 style=\"text-align: center;\"><strong>Nur ein Click!<\/strong><\/h2>\n<p><\/a><a href=\"tel: +43 2234 50027\" rel=\"\"><\/p>\n<h2 style=\"text-align: center;\">HHS Service GmbH<\/h2>\n<h2 style=\"text-align: center;\"><strong>0676 3007080<\/strong><\/h2>\n<p><\/a><a href=\"http:\/\/www.hhsgmbh.at\/?page_id=698\" rel=\"\"><\/p>\n<h2 style=\"text-align: center;\">eMail-Support<\/h2>\n<h2 style=\"text-align: center;\"><strong>office@hhsgmbh.at<\/strong><\/h2>\n<p><\/a><a href=\"http:\/\/www.hhsgmbh.at\/?page_id=682\"><\/p>\n<h2 style=\"text-align: center;\"><strong>Wo Sie uns finden:<\/strong><\/h2>\n<p><span><img decoding=\"async\" alt=\"\" data-id=\"1799\" width=\"200\" data-init-width=\"1226\" height=\"102\" data-init-height=\"628\" title=\"Map Icon GRAU\" src=\"\/\/www.hhsgmbh.at\/wp-content\/uploads\/2021\/05\/Map-Icon-GRAU.png\" data-width=\"200\" data-height=\"102\" style=\"aspect-ratio: auto 1226 \/ 628;\" loading=\"lazy\"><\/span><\/p>\n<h2 style=\"text-align: center;\"><strong>HHSGmbH<\/strong><\/h2>\n<p><\/a><a href=\"http:\/\/www.hhsgmbh.at\/?page_id=736\" rel=\"\"><\/p>\n<h2 style=\"text-align: center;\"><strong>Ihre Zufriedenheit ist<\/strong><\/h2>\n<p><span><img decoding=\"async\" alt=\"\" data-id=\"1705\" width=\"362\" data-init-width=\"562\" height=\"57\" data-init-height=\"89\" title=\"5 Sterne_blau Grau\" src=\"\/\/www.hhsgmbh.at\/wp-content\/uploads\/2021\/05\/5-Sterne_blau-Grau.png\" data-width=\"362\" data-height=\"57\" style=\"aspect-ratio: auto 562 \/ 89;\" loading=\"lazy\"><\/span><\/p>\n<h2 style=\"text-align: center;\"><strong>Unsere Motivation<\/strong><\/h2>\n<p><\/a><a href=\"#tve-jump-17a5bc79487\"><\/a><a href=\"http:\/\/www.hhsgmbh.at\/?page_id=721\" rel=\"\" style=\"\"><\/p>\n<h6 style=\"text-align: center;\"><span style=\"text-decoration: none;\"><strong>Impressum<\/strong><\/span><\/h6>\n<p><\/a><a href=\"http:\/\/www.hhsgmbh.at\/?page_id=711\" rel=\"\" style=\"\"><\/p>\n<h6 style=\"text-align: center;\"><strong>AGB<\/strong><\/h6>\n<p><\/a><a href=\"http:\/\/www.hhsgmbh.at\/?page_id=723\" rel=\"\"><\/p>\n<h6 style=\"text-align: center;\"><strong>Datenschutz<\/strong><\/h6>\n<p><\/a><a href=\"http:\/\/www.skinconcept.at\" rel=\"\"><\/p>\n<p style=\"text-align: center;\">Click!<\/p>\n<p><\/a><\/p>\n","protected":false},"excerpt":{"rendered":"<p>Unser Angebot: Hygiene-Service Haus-Service Servicef\u00fcrMenschen Wir bieten einen Rundum-Service f\u00fcr H\u00e4user, Wohnungen und gewerbliche Objekte. Alle anfallenden Arbeiten wie Reparaturen, Instandsetzungen, Reinigung und Pflege k\u00f6nnen von uns \u00fcbernommen werden. Dies betrifft selbstverst\u00e4ndlich auch G\u00e4rten und Aussenanlagen. Bei Haushaltsaufl\u00f6sung, Umzug und Transport sind wir gern behilflich, oder \u00fcbernehmen selbstst\u00e4ndig alle Aufgaben. Dar\u00fcber hinaus k\u00f6nnen Sie die&hellip; <a class=\"more-link\" href=\"http:\/\/www.hhsgmbh.at\/\"><span class=\"screen-reader-text\">hygiene_haus_pensionist_service<\/span> weiterlesen<\/a><\/p>\n","protected":false},"author":1,"featured_media":0,"parent":0,"menu_order":0,"comment_status":"closed","ping_status":"closed","template":"","meta":{"footnotes":""},"class_list":["post-142","page","type-page","status-publish","hentry","entry"],"_links":{"self":[{"href":"http:\/\/www.hhsgmbh.at\/index.php?rest_route=\/wp\/v2\/pages\/142","targetHints":{"allow":["GET"]}}],"collection":[{"href":"http:\/\/www.hhsgmbh.at\/index.php?rest_route=\/wp\/v2\/pages"}],"about":[{"href":"http:\/\/www.hhsgmbh.at\/index.php?rest_route=\/wp\/v2\/types\/page"}],"author":[{"embeddable":true,"href":"http:\/\/www.hhsgmbh.at\/index.php?rest_route=\/wp\/v2\/users\/1"}],"replies":[{"embeddable":true,"href":"http:\/\/www.hhsgmbh.at\/index.php?rest_route=%2Fwp%2Fv2%2Fcomments&post=142"}],"version-history":[{"count":462,"href":"http:\/\/www.hhsgmbh.at\/index.php?rest_route=\/wp\/v2\/pages\/142\/revisions"}],"predecessor-version":[{"id":2600,"href":"http:\/\/www.hhsgmbh.at\/index.php?rest_route=\/wp\/v2\/pages\/142\/revisions\/2600"}],"wp:attachment":[{"href":"http:\/\/www.hhsgmbh.at\/index.php?rest_route=%2Fwp%2Fv2%2Fmedia&parent=142"}],"curies":[{"name":"wp","href":"https:\/\/api.w.org\/{rel}","templated":true}]}}